{"id":14,"date":"2015-04-06T20:10:31","date_gmt":"2015-04-06T20:10:31","guid":{"rendered":"http:\/\/lastovo-hropic.com\/?page_id=14"},"modified":"2021-09-30T07:41:49","modified_gmt":"2021-09-30T07:41:49","slug":"vasi-domacini","status":"publish","type":"page","link":"https:\/\/lastovo-hropic.com\/hr\/","title":{"rendered":"Va\u0161i doma\u0107ini"},"content":{"rendered":"<p>Va\u0161i doma\u0107ini Margaret, Luka, Luk\u0161a i Antonela Hropi\u0107 rado \u0107e svoje slobodno vrijeme podijeliti s Vama na obostrano zadovoljstvo.<\/p>\n","protected":false},"excerpt":{"rendered":"<p>Va\u0161i doma\u0107ini Margaret, Luka, Luk\u0161a i Antonela Hropi\u0107 rado \u0107e svoje slobodno vrijeme podijeliti s Vama na obostrano zadovoljstvo.<\/p>\n","protected":false},"author":1,"featured_media":0,"parent":0,"menu_order":1,"comment_status":"closed","ping_status":"closed","template":"","meta":{"footnotes":""},"class_list":["post-14","page","type-page","status-publish","hentry"],"_links":{"self":[{"href":"https:\/\/lastovo-hropic.com\/hr\/wp-json\/wp\/v2\/pages\/14","targetHints":{"allow":["GET"]}}],"collection":[{"href":"https:\/\/lastovo-hropic.com\/hr\/wp-json\/wp\/v2\/pages"}],"about":[{"href":"https:\/\/lastovo-hropic.com\/hr\/wp-json\/wp\/v2\/types\/page"}],"author":[{"embeddable":true,"href":"https:\/\/lastovo-hropic.com\/hr\/wp-json\/wp\/v2\/users\/1"}],"replies":[{"embeddable":true,"href":"https:\/\/lastovo-hropic.com\/hr\/wp-json\/wp\/v2\/comments?post=14"}],"version-history":[{"count":0,"href":"https:\/\/lastovo-hropic.com\/hr\/wp-json\/wp\/v2\/pages\/14\/revisions"}],"wp:attachment":[{"href":"https:\/\/lastovo-hropic.com\/hr\/wp-json\/wp\/v2\/media?parent=14"}],"curies":[{"name":"wp","href":"https:\/\/api.w.org\/{rel}","templated":true}]}}